{"id":13439,"date":"2025-04-27T08:52:39","date_gmt":"2025-04-27T08:52:39","guid":{"rendered":"https:\/\/globalfoodstars.com\/dita2025\/product\/vargapal-plastikovy-med\/"},"modified":"2025-04-27T09:16:59","modified_gmt":"2025-04-27T09:16:59","slug":"vargapal-plastikovy-med","status":"publish","type":"product","link":"https:\/\/globalfoodstars.com\/dita2025\/product\/vargapal-plastikovy-med\/","title":{"rendered":"Vargap\u00e1l Pl\u00e1stikov\u00fd Med"},"content":{"rendered":"<p>Vargap\u00e1l Comb Honey is raw honey in its purest form, still encased in the beeswax comb. This unprocessed honey offers a unique texture and a rich, authentic taste, providing a direct connection to the bees&#8217; craftsmanship.<\/p>\n<p><span style=\"color: #ffffff;\">Marek Vargapal &#8211; Promed<\/span><\/p>\n","protected":false},"excerpt":{"rendered":"<p>Vargap\u00e1l Comb Honey is raw honey in its purest form, still encased in the beeswax comb. This unprocessed honey offers<\/p>\n","protected":false},"featured_media":13441,"template":"","meta":{"_acf_changed":false,"_seopress_robots_primary_cat":"","_seopress_titles_title":"","_seopress_titles_desc":"","_seopress_robots_index":""},"product_brand":[],"product_cat":[437],"product_tag":[1272],"class_list":{"0":"post-13439","1":"product","2":"type-product","3":"status-publish","4":"has-post-thumbnail","6":"product_cat-taste","7":"product_tag-slovakia","8":"pa_award-platinum","9":"pa_competitioncategory-taste","10":"pa_country-slovakia","12":"first","13":"instock","14":"product-type-simple"},"acf":[],"_links":{"self":[{"href":"https:\/\/globalfoodstars.com\/dita2025\/wp-json\/wp\/v2\/product\/13439","targetHints":{"allow":["GET"]}}],"collection":[{"href":"https:\/\/globalfoodstars.com\/dita2025\/wp-json\/wp\/v2\/product"}],"about":[{"href":"https:\/\/globalfoodstars.com\/dita2025\/wp-json\/wp\/v2\/types\/product"}],"version-history":[{"count":0,"href":"https:\/\/globalfoodstars.com\/dita2025\/wp-json\/wp\/v2\/product\/13439\/revisions"}],"wp:featuredmedia":[{"embeddable":true,"href":"https:\/\/globalfoodstars.com\/dita2025\/wp-json\/wp\/v2\/media\/13441"}],"wp:attachment":[{"href":"https:\/\/globalfoodstars.com\/dita2025\/wp-json\/wp\/v2\/media?parent=13439"}],"wp:term":[{"taxonomy":"product_brand","embeddable":true,"href":"https:\/\/globalfoodstars.com\/dita2025\/wp-json\/wp\/v2\/product_brand?post=13439"},{"taxonomy":"product_cat","embeddable":true,"href":"https:\/\/globalfoodstars.com\/dita2025\/wp-json\/wp\/v2\/product_cat?post=13439"},{"taxonomy":"product_tag","embeddable":true,"href":"https:\/\/globalfoodstars.com\/dita2025\/wp-json\/wp\/v2\/product_tag?post=13439"}],"curies":[{"name":"wp","href":"https:\/\/api.w.org\/{rel}","templated":true}]}}