{"id":13423,"date":"2025-04-27T08:52:39","date_gmt":"2025-04-27T08:52:39","guid":{"rendered":"https:\/\/globalfoodstars.com\/dita2025\/product\/vargapal-agatovy-med\/"},"modified":"2025-04-27T09:16:58","modified_gmt":"2025-04-27T09:16:58","slug":"vargapal-agatovy-med","status":"publish","type":"product","link":"https:\/\/globalfoodstars.com\/dita2025\/product\/vargapal-agatovy-med\/","title":{"rendered":"Vargap\u00e1l Ag\u00e1tov\u00fd Med"},"content":{"rendered":"<p>Harvested from the pristine forests of Slovakia, Vargap\u00e1l Acacia Honey is a premium, light-colored honey known for its delicate floral aroma and mild, sweet taste. It is produced by Marek Vargap\u00e1l \u2013 PROMED, a family-run beekeeping operation committed to sustainable practices and high-quality products.<\/p>\n<p><span style=\"color: #ffffff;\">Marek Vargapal &#8211; Promed<\/span><\/p>\n","protected":false},"excerpt":{"rendered":"<p>Harvested from the pristine forests of Slovakia, Vargap\u00e1l Acacia Honey is a premium, light-colored honey known for its delicate floral<\/p>\n","protected":false},"featured_media":13425,"template":"","meta":{"_acf_changed":false,"_seopress_robots_primary_cat":"","_seopress_titles_title":"","_seopress_titles_desc":"","_seopress_robots_index":""},"product_brand":[],"product_cat":[437],"product_tag":[1272],"class_list":{"0":"post-13423","1":"product","2":"type-product","3":"status-publish","4":"has-post-thumbnail","6":"product_cat-taste","7":"product_tag-slovakia","8":"pa_award-platinum","9":"pa_competitioncategory-taste","10":"pa_country-slovakia","12":"first","13":"instock","14":"product-type-simple"},"acf":[],"_links":{"self":[{"href":"https:\/\/globalfoodstars.com\/dita2025\/wp-json\/wp\/v2\/product\/13423","targetHints":{"allow":["GET"]}}],"collection":[{"href":"https:\/\/globalfoodstars.com\/dita2025\/wp-json\/wp\/v2\/product"}],"about":[{"href":"https:\/\/globalfoodstars.com\/dita2025\/wp-json\/wp\/v2\/types\/product"}],"version-history":[{"count":0,"href":"https:\/\/globalfoodstars.com\/dita2025\/wp-json\/wp\/v2\/product\/13423\/revisions"}],"wp:featuredmedia":[{"embeddable":true,"href":"https:\/\/globalfoodstars.com\/dita2025\/wp-json\/wp\/v2\/media\/13425"}],"wp:attachment":[{"href":"https:\/\/globalfoodstars.com\/dita2025\/wp-json\/wp\/v2\/media?parent=13423"}],"wp:term":[{"taxonomy":"product_brand","embeddable":true,"href":"https:\/\/globalfoodstars.com\/dita2025\/wp-json\/wp\/v2\/product_brand?post=13423"},{"taxonomy":"product_cat","embeddable":true,"href":"https:\/\/globalfoodstars.com\/dita2025\/wp-json\/wp\/v2\/product_cat?post=13423"},{"taxonomy":"product_tag","embeddable":true,"href":"https:\/\/globalfoodstars.com\/dita2025\/wp-json\/wp\/v2\/product_tag?post=13423"}],"curies":[{"name":"wp","href":"https:\/\/api.w.org\/{rel}","templated":true}]}}